{"id":387,"date":"2022-10-25T16:06:21","date_gmt":"2022-10-25T16:06:21","guid":{"rendered":"https:\/\/americacolque.com\/?post_type=product&#038;p=387"},"modified":"2025-11-17T18:28:41","modified_gmt":"2025-11-17T18:28:41","slug":"pack-gato-montes","status":"publish","type":"product","link":"https:\/\/americacolque.com\/?product=pack-gato-montes","title":{"rendered":"Pack Gato Mont\u00e9s"},"content":{"rendered":"","protected":false},"excerpt":{"rendered":"<p class=\"p1\"><span class=\"s1\">Este pack de gatos mont\u00e9s fue dise\u00f1ado, dibujado, cortado y cosido a mano en tela. Excelente para decoraci\u00f3n donde elijas t\u00fa.<\/span><\/p>\n<ul>\n<li>\n<p class=\"p1\"><span class=\"s1\"><strong>Medidas aproximadas: <\/strong><\/span><\/p>\n<p class=\"p1\"><span class=\"s1\">Gato 1) 29cm de alto por 13cm de ancho. <\/span><\/p>\n<p class=\"p1\"><span class=\"s1\">Gato 2) 18cm de alto por 9cm de ancho.<\/span><\/p>\n<\/li>\n<li class=\"li1\"><span class=\"s2\">Si quieres personalizar este producto, contacta con nosotros a trav\u00e9s de siguiente bot\u00f3n.<\/span><\/li>\n<\/ul>\n<p><span class=\"s2\"><a  class=\"button  button_size_2\"  href=\"https:\/\/americacolque.com\/?page_id=22\" target=\"_blank\"   ><span class=\"button_label\">Personalizar<\/span><\/a>\n<\/span><\/p>\n<\/ul>\n","protected":false},"featured_media":388,"comment_status":"open","ping_status":"closed","template":"","meta":[],"product_cat":[17,42,40,48],"product_tag":[],"class_list":{"0":"post-387","1":"product","2":"type-product","3":"status-publish","4":"has-post-thumbnail","6":"product_cat-decoracion","7":"product_cat-detalles-para-bbc","8":"product_cat-munequeria","9":"product_cat-regalos","11":"first","12":"instock","13":"shipping-taxable","14":"purchasable","15":"product-type-simple"},"yoast_head":"<!-- This site is optimized with the Yoast SEO plugin v23.9 - https:\/\/yoast.com\/wordpress\/plugins\/seo\/ -->\n<title>Pack Gato Mont\u00e9s - AMERICACOLQUE<\/title>\n<meta name=\"robots\" content=\"index, follow, max-snippet:-1, max-image-preview:large, max-video-preview:-1\" \/>\n<link rel=\"canonical\" href=\"https:\/\/americacolque.com\/?product=pack-gato-montes\" \/>\n<meta property=\"og:locale\" content=\"es_ES\" \/>\n<meta property=\"og:type\" content=\"article\" \/>\n<meta property=\"og:title\" content=\"Pack Gato Mont\u00e9s - AMERICACOLQUE\" \/>\n<meta property=\"og:description\" content=\"Este pack de gatos mont\u00e9s fue dise\u00f1ado, dibujado, cortado y cosido a mano en tela. Excelente para decoraci\u00f3n donde elijas t\u00fa.     Medidas aproximadas:  Gato 1) 29cm de alto por 13cm de ancho.  Gato 2) 18cm de alto por 9cm de ancho.  Si quieres personalizar este producto, contacta con nosotros a trav\u00e9s de siguiente bot\u00f3n.\" \/>\n<meta property=\"og:url\" content=\"https:\/\/americacolque.com\/?product=pack-gato-montes\" \/>\n<meta property=\"og:site_name\" content=\"AMERICACOLQUE\" \/>\n<meta property=\"article:modified_time\" content=\"2025-11-17T18:28:41+00:00\" \/>\n<meta property=\"og:image\" content=\"https:\/\/americacolque.com\/wp-content\/uploads\/2022\/10\/pack-garos-montes.jpg\" \/>\n\t<meta property=\"og:image:width\" content=\"1200\" \/>\n\t<meta property=\"og:image:height\" content=\"1200\" \/>\n\t<meta property=\"og:image:type\" content=\"image\/jpeg\" \/>\n<meta name=\"twitter:card\" content=\"summary_large_image\" \/>\n<script type=\"application\/ld+json\" class=\"yoast-schema-graph\">{\"@context\":\"https:\/\/schema.org\",\"@graph\":[{\"@type\":\"WebPage\",\"@id\":\"https:\/\/americacolque.com\/?product=pack-gato-montes\",\"url\":\"https:\/\/americacolque.com\/?product=pack-gato-montes\",\"name\":\"Pack Gato Mont\u00e9s - AMERICACOLQUE\",\"isPartOf\":{\"@id\":\"https:\/\/americacolque.com\/#website\"},\"primaryImageOfPage\":{\"@id\":\"https:\/\/americacolque.com\/?product=pack-gato-montes#primaryimage\"},\"image\":{\"@id\":\"https:\/\/americacolque.com\/?product=pack-gato-montes#primaryimage\"},\"thumbnailUrl\":\"https:\/\/americacolque.com\/wp-content\/uploads\/2022\/10\/pack-garos-montes.jpg\",\"datePublished\":\"2022-10-25T16:06:21+00:00\",\"dateModified\":\"2025-11-17T18:28:41+00:00\",\"breadcrumb\":{\"@id\":\"https:\/\/americacolque.com\/?product=pack-gato-montes#breadcrumb\"},\"inLanguage\":\"es\",\"potentialAction\":[{\"@type\":\"ReadAction\",\"target\":[\"https:\/\/americacolque.com\/?product=pack-gato-montes\"]}]},{\"@type\":\"ImageObject\",\"inLanguage\":\"es\",\"@id\":\"https:\/\/americacolque.com\/?product=pack-gato-montes#primaryimage\",\"url\":\"https:\/\/americacolque.com\/wp-content\/uploads\/2022\/10\/pack-garos-montes.jpg\",\"contentUrl\":\"https:\/\/americacolque.com\/wp-content\/uploads\/2022\/10\/pack-garos-montes.jpg\",\"width\":1200,\"height\":1200},{\"@type\":\"BreadcrumbList\",\"@id\":\"https:\/\/americacolque.com\/?product=pack-gato-montes#breadcrumb\",\"itemListElement\":[{\"@type\":\"ListItem\",\"position\":1,\"name\":\"Portada\",\"item\":\"https:\/\/americacolque.com\/\"},{\"@type\":\"ListItem\",\"position\":2,\"name\":\"Productos\",\"item\":\"https:\/\/americacolque.com\/?page_id=330\"},{\"@type\":\"ListItem\",\"position\":3,\"name\":\"Pack Gato Mont\u00e9s\"}]},{\"@type\":\"WebSite\",\"@id\":\"https:\/\/americacolque.com\/#website\",\"url\":\"https:\/\/americacolque.com\/\",\"name\":\"AMERICACOLQUE\",\"description\":\"Taller piezas artesanales exclusivas\",\"potentialAction\":[{\"@type\":\"SearchAction\",\"target\":{\"@type\":\"EntryPoint\",\"urlTemplate\":\"https:\/\/americacolque.com\/?s={search_term_string}\"},\"query-input\":{\"@type\":\"PropertyValueSpecification\",\"valueRequired\":true,\"valueName\":\"search_term_string\"}}],\"inLanguage\":\"es\"}]}<\/script>\n<!-- \/ Yoast SEO plugin. -->","yoast_head_json":{"title":"Pack Gato Mont\u00e9s - AMERICACOLQUE","robots":{"index":"index","follow":"follow","max-snippet":"max-snippet:-1","max-image-preview":"max-image-preview:large","max-video-preview":"max-video-preview:-1"},"canonical":"https:\/\/americacolque.com\/?product=pack-gato-montes","og_locale":"es_ES","og_type":"article","og_title":"Pack Gato Mont\u00e9s - AMERICACOLQUE","og_description":"Este pack de gatos mont\u00e9s fue dise\u00f1ado, dibujado, cortado y cosido a mano en tela. Excelente para decoraci\u00f3n donde elijas t\u00fa.     Medidas aproximadas:  Gato 1) 29cm de alto por 13cm de ancho.  Gato 2) 18cm de alto por 9cm de ancho.  Si quieres personalizar este producto, contacta con nosotros a trav\u00e9s de siguiente bot\u00f3n.","og_url":"https:\/\/americacolque.com\/?product=pack-gato-montes","og_site_name":"AMERICACOLQUE","article_modified_time":"2025-11-17T18:28:41+00:00","og_image":[{"width":1200,"height":1200,"url":"https:\/\/americacolque.com\/wp-content\/uploads\/2022\/10\/pack-garos-montes.jpg","type":"image\/jpeg"}],"twitter_card":"summary_large_image","schema":{"@context":"https:\/\/schema.org","@graph":[{"@type":"WebPage","@id":"https:\/\/americacolque.com\/?product=pack-gato-montes","url":"https:\/\/americacolque.com\/?product=pack-gato-montes","name":"Pack Gato Mont\u00e9s - AMERICACOLQUE","isPartOf":{"@id":"https:\/\/americacolque.com\/#website"},"primaryImageOfPage":{"@id":"https:\/\/americacolque.com\/?product=pack-gato-montes#primaryimage"},"image":{"@id":"https:\/\/americacolque.com\/?product=pack-gato-montes#primaryimage"},"thumbnailUrl":"https:\/\/americacolque.com\/wp-content\/uploads\/2022\/10\/pack-garos-montes.jpg","datePublished":"2022-10-25T16:06:21+00:00","dateModified":"2025-11-17T18:28:41+00:00","breadcrumb":{"@id":"https:\/\/americacolque.com\/?product=pack-gato-montes#breadcrumb"},"inLanguage":"es","potentialAction":[{"@type":"ReadAction","target":["https:\/\/americacolque.com\/?product=pack-gato-montes"]}]},{"@type":"ImageObject","inLanguage":"es","@id":"https:\/\/americacolque.com\/?product=pack-gato-montes#primaryimage","url":"https:\/\/americacolque.com\/wp-content\/uploads\/2022\/10\/pack-garos-montes.jpg","contentUrl":"https:\/\/americacolque.com\/wp-content\/uploads\/2022\/10\/pack-garos-montes.jpg","width":1200,"height":1200},{"@type":"BreadcrumbList","@id":"https:\/\/americacolque.com\/?product=pack-gato-montes#breadcrumb","itemListElement":[{"@type":"ListItem","position":1,"name":"Portada","item":"https:\/\/americacolque.com\/"},{"@type":"ListItem","position":2,"name":"Productos","item":"https:\/\/americacolque.com\/?page_id=330"},{"@type":"ListItem","position":3,"name":"Pack Gato Mont\u00e9s"}]},{"@type":"WebSite","@id":"https:\/\/americacolque.com\/#website","url":"https:\/\/americacolque.com\/","name":"AMERICACOLQUE","description":"Taller piezas artesanales exclusivas","potentialAction":[{"@type":"SearchAction","target":{"@type":"EntryPoint","urlTemplate":"https:\/\/americacolque.com\/?s={search_term_string}"},"query-input":{"@type":"PropertyValueSpecification","valueRequired":true,"valueName":"search_term_string"}}],"inLanguage":"es"}]}},"_links":{"self":[{"href":"https:\/\/americacolque.com\/index.php?rest_route=\/wp\/v2\/product\/387","targetHints":{"allow":["GET"]}}],"collection":[{"href":"https:\/\/americacolque.com\/index.php?rest_route=\/wp\/v2\/product"}],"about":[{"href":"https:\/\/americacolque.com\/index.php?rest_route=\/wp\/v2\/types\/product"}],"replies":[{"embeddable":true,"href":"https:\/\/americacolque.com\/index.php?rest_route=%2Fwp%2Fv2%2Fcomments&post=387"}],"wp:featuredmedia":[{"embeddable":true,"href":"https:\/\/americacolque.com\/index.php?rest_route=\/wp\/v2\/media\/388"}],"wp:attachment":[{"href":"https:\/\/americacolque.com\/index.php?rest_route=%2Fwp%2Fv2%2Fmedia&parent=387"}],"wp:term":[{"taxonomy":"product_cat","embeddable":true,"href":"https:\/\/americacolque.com\/index.php?rest_route=%2Fwp%2Fv2%2Fproduct_cat&post=387"},{"taxonomy":"product_tag","embeddable":true,"href":"https:\/\/americacolque.com\/index.php?rest_route=%2Fwp%2Fv2%2Fproduct_tag&post=387"}],"curies":[{"name":"wp","href":"https:\/\/api.w.org\/{rel}","templated":true}]}}