{"id":376,"date":"2022-10-25T14:46:58","date_gmt":"2022-10-25T14:46:58","guid":{"rendered":"https:\/\/americacolque.com\/?post_type=product&#038;p=376"},"modified":"2025-05-29T03:06:32","modified_gmt":"2025-05-29T03:06:32","slug":"bolso-for-ever","status":"publish","type":"product","link":"https:\/\/americacolque.com\/?product=bolso-for-ever","title":{"rendered":"Bolso For ever"},"content":{"rendered":"","protected":false},"excerpt":{"rendered":"<p class=\"p1\"><span class=\"s1\">Bolso art\u00edstico, \u00fanico y exclusivo en color negro dise\u00f1ado y tejido a mano nudo a nudo con la t\u00e9cnica de macram\u00e9. <\/span><\/p>\n<p class=\"p1\"><span class=\"s1\">Este bolso es muy resistente lleva forro y cremallera, tiene asas para que lo lleves c\u00f3modamente. Es ideal para quienes no le gusta cambiar de bolso, porque su modelo \u00fanico combina con todo.<\/span><\/p>\n<p class=\"p1\"><span class=\"s1\">.<\/span><\/p>\n<ul>\n<li>\n<p class=\"p1\"><span class=\"s1\"><strong>Medidas aproximadas: <\/strong><\/span><span class=\"s1\">31cm de ancho por 23cm alto y una base de 8cm.<\/span><\/p>\n<\/li>\n<\/ul>\n<p>&nbsp;<\/p>\n","protected":false},"featured_media":377,"comment_status":"open","ping_status":"closed","template":"","meta":[],"product_cat":[43,20,48],"product_tag":[],"class_list":{"0":"post-376","1":"product","2":"type-product","3":"status-publish","4":"has-post-thumbnail","6":"product_cat-bolsos","7":"product_cat-complementos-y-moda","8":"product_cat-regalos","10":"first","11":"instock","12":"shipping-taxable","13":"purchasable","14":"product-type-simple"},"yoast_head":"<!-- This site is optimized with the Yoast SEO plugin v23.9 - https:\/\/yoast.com\/wordpress\/plugins\/seo\/ -->\n<title>Bolso For ever - AMERICACOLQUE<\/title>\n<meta name=\"robots\" content=\"index, follow, max-snippet:-1, max-image-preview:large, max-video-preview:-1\" \/>\n<link rel=\"canonical\" href=\"https:\/\/americacolque.com\/?product=bolso-for-ever\" \/>\n<meta property=\"og:locale\" content=\"es_ES\" \/>\n<meta property=\"og:type\" content=\"article\" \/>\n<meta property=\"og:title\" content=\"Bolso For ever - AMERICACOLQUE\" \/>\n<meta property=\"og:description\" content=\"Bolso art\u00edstico, \u00fanico y exclusivo en color negro dise\u00f1ado y tejido a mano nudo a nudo con la t\u00e9cnica de macram\u00e9.  Este bolso es muy resistente lleva forro y cremallera, tiene asas para que lo lleves c\u00f3modamente. Es ideal para quienes no le gusta cambiar de bolso, porque su modelo \u00fanico combina con todo. .     Medidas aproximadas: 31cm de ancho por 23cm alto y una base de 8cm.   &nbsp;\" \/>\n<meta property=\"og:url\" content=\"https:\/\/americacolque.com\/?product=bolso-for-ever\" \/>\n<meta property=\"og:site_name\" content=\"AMERICACOLQUE\" \/>\n<meta property=\"article:modified_time\" content=\"2025-05-29T03:06:32+00:00\" \/>\n<meta property=\"og:image\" content=\"https:\/\/americacolque.com\/wp-content\/uploads\/2022\/10\/bolsoforever.jpg\" \/>\n\t<meta property=\"og:image:width\" content=\"1200\" \/>\n\t<meta property=\"og:image:height\" content=\"1200\" \/>\n\t<meta property=\"og:image:type\" content=\"image\/jpeg\" \/>\n<meta name=\"twitter:card\" content=\"summary_large_image\" \/>\n<script type=\"application\/ld+json\" class=\"yoast-schema-graph\">{\"@context\":\"https:\/\/schema.org\",\"@graph\":[{\"@type\":\"WebPage\",\"@id\":\"https:\/\/americacolque.com\/?product=bolso-for-ever\",\"url\":\"https:\/\/americacolque.com\/?product=bolso-for-ever\",\"name\":\"Bolso For ever - AMERICACOLQUE\",\"isPartOf\":{\"@id\":\"https:\/\/americacolque.com\/#website\"},\"primaryImageOfPage\":{\"@id\":\"https:\/\/americacolque.com\/?product=bolso-for-ever#primaryimage\"},\"image\":{\"@id\":\"https:\/\/americacolque.com\/?product=bolso-for-ever#primaryimage\"},\"thumbnailUrl\":\"https:\/\/americacolque.com\/wp-content\/uploads\/2022\/10\/bolsoforever.jpg\",\"datePublished\":\"2022-10-25T14:46:58+00:00\",\"dateModified\":\"2025-05-29T03:06:32+00:00\",\"breadcrumb\":{\"@id\":\"https:\/\/americacolque.com\/?product=bolso-for-ever#breadcrumb\"},\"inLanguage\":\"es\",\"potentialAction\":[{\"@type\":\"ReadAction\",\"target\":[\"https:\/\/americacolque.com\/?product=bolso-for-ever\"]}]},{\"@type\":\"ImageObject\",\"inLanguage\":\"es\",\"@id\":\"https:\/\/americacolque.com\/?product=bolso-for-ever#primaryimage\",\"url\":\"https:\/\/americacolque.com\/wp-content\/uploads\/2022\/10\/bolsoforever.jpg\",\"contentUrl\":\"https:\/\/americacolque.com\/wp-content\/uploads\/2022\/10\/bolsoforever.jpg\",\"width\":1200,\"height\":1200},{\"@type\":\"BreadcrumbList\",\"@id\":\"https:\/\/americacolque.com\/?product=bolso-for-ever#breadcrumb\",\"itemListElement\":[{\"@type\":\"ListItem\",\"position\":1,\"name\":\"Portada\",\"item\":\"https:\/\/americacolque.com\/\"},{\"@type\":\"ListItem\",\"position\":2,\"name\":\"Productos\",\"item\":\"https:\/\/americacolque.com\/?page_id=330\"},{\"@type\":\"ListItem\",\"position\":3,\"name\":\"Bolso For ever\"}]},{\"@type\":\"WebSite\",\"@id\":\"https:\/\/americacolque.com\/#website\",\"url\":\"https:\/\/americacolque.com\/\",\"name\":\"AMERICACOLQUE\",\"description\":\"Taller piezas artesanales exclusivas\",\"potentialAction\":[{\"@type\":\"SearchAction\",\"target\":{\"@type\":\"EntryPoint\",\"urlTemplate\":\"https:\/\/americacolque.com\/?s={search_term_string}\"},\"query-input\":{\"@type\":\"PropertyValueSpecification\",\"valueRequired\":true,\"valueName\":\"search_term_string\"}}],\"inLanguage\":\"es\"}]}<\/script>\n<!-- \/ Yoast SEO plugin. -->","yoast_head_json":{"title":"Bolso For ever - AMERICACOLQUE","robots":{"index":"index","follow":"follow","max-snippet":"max-snippet:-1","max-image-preview":"max-image-preview:large","max-video-preview":"max-video-preview:-1"},"canonical":"https:\/\/americacolque.com\/?product=bolso-for-ever","og_locale":"es_ES","og_type":"article","og_title":"Bolso For ever - AMERICACOLQUE","og_description":"Bolso art\u00edstico, \u00fanico y exclusivo en color negro dise\u00f1ado y tejido a mano nudo a nudo con la t\u00e9cnica de macram\u00e9.  Este bolso es muy resistente lleva forro y cremallera, tiene asas para que lo lleves c\u00f3modamente. Es ideal para quienes no le gusta cambiar de bolso, porque su modelo \u00fanico combina con todo. .     Medidas aproximadas: 31cm de ancho por 23cm alto y una base de 8cm.   &nbsp;","og_url":"https:\/\/americacolque.com\/?product=bolso-for-ever","og_site_name":"AMERICACOLQUE","article_modified_time":"2025-05-29T03:06:32+00:00","og_image":[{"width":1200,"height":1200,"url":"https:\/\/americacolque.com\/wp-content\/uploads\/2022\/10\/bolsoforever.jpg","type":"image\/jpeg"}],"twitter_card":"summary_large_image","schema":{"@context":"https:\/\/schema.org","@graph":[{"@type":"WebPage","@id":"https:\/\/americacolque.com\/?product=bolso-for-ever","url":"https:\/\/americacolque.com\/?product=bolso-for-ever","name":"Bolso For ever - AMERICACOLQUE","isPartOf":{"@id":"https:\/\/americacolque.com\/#website"},"primaryImageOfPage":{"@id":"https:\/\/americacolque.com\/?product=bolso-for-ever#primaryimage"},"image":{"@id":"https:\/\/americacolque.com\/?product=bolso-for-ever#primaryimage"},"thumbnailUrl":"https:\/\/americacolque.com\/wp-content\/uploads\/2022\/10\/bolsoforever.jpg","datePublished":"2022-10-25T14:46:58+00:00","dateModified":"2025-05-29T03:06:32+00:00","breadcrumb":{"@id":"https:\/\/americacolque.com\/?product=bolso-for-ever#breadcrumb"},"inLanguage":"es","potentialAction":[{"@type":"ReadAction","target":["https:\/\/americacolque.com\/?product=bolso-for-ever"]}]},{"@type":"ImageObject","inLanguage":"es","@id":"https:\/\/americacolque.com\/?product=bolso-for-ever#primaryimage","url":"https:\/\/americacolque.com\/wp-content\/uploads\/2022\/10\/bolsoforever.jpg","contentUrl":"https:\/\/americacolque.com\/wp-content\/uploads\/2022\/10\/bolsoforever.jpg","width":1200,"height":1200},{"@type":"BreadcrumbList","@id":"https:\/\/americacolque.com\/?product=bolso-for-ever#breadcrumb","itemListElement":[{"@type":"ListItem","position":1,"name":"Portada","item":"https:\/\/americacolque.com\/"},{"@type":"ListItem","position":2,"name":"Productos","item":"https:\/\/americacolque.com\/?page_id=330"},{"@type":"ListItem","position":3,"name":"Bolso For ever"}]},{"@type":"WebSite","@id":"https:\/\/americacolque.com\/#website","url":"https:\/\/americacolque.com\/","name":"AMERICACOLQUE","description":"Taller piezas artesanales exclusivas","potentialAction":[{"@type":"SearchAction","target":{"@type":"EntryPoint","urlTemplate":"https:\/\/americacolque.com\/?s={search_term_string}"},"query-input":{"@type":"PropertyValueSpecification","valueRequired":true,"valueName":"search_term_string"}}],"inLanguage":"es"}]}},"_links":{"self":[{"href":"https:\/\/americacolque.com\/index.php?rest_route=\/wp\/v2\/product\/376","targetHints":{"allow":["GET"]}}],"collection":[{"href":"https:\/\/americacolque.com\/index.php?rest_route=\/wp\/v2\/product"}],"about":[{"href":"https:\/\/americacolque.com\/index.php?rest_route=\/wp\/v2\/types\/product"}],"replies":[{"embeddable":true,"href":"https:\/\/americacolque.com\/index.php?rest_route=%2Fwp%2Fv2%2Fcomments&post=376"}],"wp:featuredmedia":[{"embeddable":true,"href":"https:\/\/americacolque.com\/index.php?rest_route=\/wp\/v2\/media\/377"}],"wp:attachment":[{"href":"https:\/\/americacolque.com\/index.php?rest_route=%2Fwp%2Fv2%2Fmedia&parent=376"}],"wp:term":[{"taxonomy":"product_cat","embeddable":true,"href":"https:\/\/americacolque.com\/index.php?rest_route=%2Fwp%2Fv2%2Fproduct_cat&post=376"},{"taxonomy":"product_tag","embeddable":true,"href":"https:\/\/americacolque.com\/index.php?rest_route=%2Fwp%2Fv2%2Fproduct_tag&post=376"}],"curies":[{"name":"wp","href":"https:\/\/api.w.org\/{rel}","templated":true}]}}